{"id":997,"date":"2021-05-17T15:59:45","date_gmt":"2021-05-17T15:59:45","guid":{"rendered":"https:\/\/infortech.pro\/?page_id=997"},"modified":"2021-05-17T20:23:09","modified_gmt":"2021-05-17T20:23:09","slug":"videosurveillance","status":"publish","type":"page","link":"https:\/\/infortech.pro\/index.php\/videosurveillance\/","title":{"rendered":"Vid\u00e9osurveillance"},"content":{"rendered":"<p>[et_pb_section fb_built=\u00a0\u00bb1&Prime; _builder_version=\u00a0\u00bb4.9.4&Prime; _module_preset=\u00a0\u00bbdefault\u00a0\u00bb background_color=\u00a0\u00bb#343e4d\u00a0\u00bb background_enable_image=\u00a0\u00bboff\u00a0\u00bb transform_scale=\u00a0\u00bb147%|147%\u00a0\u00bb transform_skew=\u00a0\u00bb-4deg|-4deg\u00a0\u00bb custom_padding=\u00a0\u00bb92px||130px|||\u00a0\u00bb saved_tabs=\u00a0\u00bball\u00a0\u00bb][\/et_pb_section][et_pb_section fb_built=\u00a0\u00bb1&Prime; _builder_version=\u00a0\u00bb4.6.6&Prime; _module_preset=\u00a0\u00bbdefault\u00a0\u00bb background_color=\u00a0\u00bbrgba(0,0,0,0)\u00a0\u00bb custom_padding=\u00a0\u00bb0px||139px|||\u00a0\u00bb][et_pb_row _builder_version=\u00a0\u00bb4.6.6&Prime; _module_preset=\u00a0\u00bbdefault\u00a0\u00bb custom_margin=\u00a0\u00bb-21px|auto||auto||\u00a0\u00bb custom_padding=\u00a0\u00bb0px|||||\u00a0\u00bb][et_pb_column type=\u00a0\u00bb4_4&Prime; _builder_version=\u00a0\u00bb4.6.6&Prime; _module_preset=\u00a0\u00bbdefault\u00a0\u00bb][et_pb_text _builder_version=\u00a0\u00bb4.8.1&Prime; _module_preset=\u00a0\u00bbdefault\u00a0\u00bb text_font=\u00a0\u00bb|300||on|||||\u00a0\u00bb text_text_color=\u00a0\u00bb#b7b7b7&Prime; text_font_size=\u00a0\u00bb31px\u00a0\u00bb header_font=\u00a0\u00bb|700||on|||||\u00a0\u00bb header_text_color=\u00a0\u00bb#ffffff\u00a0\u00bb header_font_size=\u00a0\u00bb38px\u00a0\u00bb min_height=\u00a0\u00bb64px\u00a0\u00bb custom_margin=\u00a0\u00bb-102px|||||\u00a0\u00bb custom_padding=\u00a0\u00bb||0px|||\u00a0\u00bb]<\/p>\n<h1>Vid\u00e9osurveillance<\/h1>\n<p>La S\u00e9curit\u00e9 &amp; la protection sur mesure<\/p>\n<p>[\/et_pb_text][\/et_pb_column][\/et_pb_row][\/et_pb_section][et_pb_section fb_built=\u00a0\u00bb1&Prime; _builder_version=\u00a0\u00bb4.9.4&Prime; _module_preset=\u00a0\u00bbdefault\u00a0\u00bb background_color=\u00a0\u00bbrgba(0,0,0,0)\u00a0\u00bb background_enable_image=\u00a0\u00bboff\u00a0\u00bb parallax=\u00a0\u00bbon\u00a0\u00bb custom_padding=\u00a0\u00bb||80px|||\u00a0\u00bb][et_pb_row column_structure=\u00a0\u00bb1_3,1_3,1_3&Prime; _builder_version=\u00a0\u00bb4.9.4&Prime; _module_preset=\u00a0\u00bbdefault\u00a0\u00bb][et_pb_column type=\u00a0\u00bb1_3&Prime; _builder_version=\u00a0\u00bb4.6.6&Prime; _module_preset=\u00a0\u00bbdefault\u00a0\u00bb][et_pb_blurb title=\u00a0\u00bbSYST\u00c8ME SANS FIL\u00a0\u00bb image_max_width=\u00a0\u00bb26%\u00a0\u00bb _builder_version=\u00a0\u00bb4.9.4&Prime; _module_preset=\u00a0\u00bbdefault\u00a0\u00bb header_level=\u00a0\u00bbh2&Prime; header_font_size=\u00a0\u00bb32px\u00a0\u00bb body_text_align=\u00a0\u00bbcenter\u00a0\u00bb background_color=\u00a0\u00bb#f7f7f7&Prime; vertical_offset=\u00a0\u00bb-34px\u00a0\u00bb z_index=\u00a0\u00bb57&Prime; custom_padding=\u00a0\u00bb15px|15px|15px|15px|false|false\u00a0\u00bb animation_style=\u00a0\u00bbfold\u00a0\u00bb animation=\u00a0\u00bboff\u00a0\u00bb sticky_limit_bottom=\u00a0\u00bbsection\u00a0\u00bb scroll_scaling=\u00a0\u00bb0|35|35|100|70|100|100&Prime; hover_enabled=\u00a0\u00bb0&Prime; border_radii=\u00a0\u00bbon|8px|8px|8px|8px\u00a0\u00bb border_width_all=\u00a0\u00bb6px\u00a0\u00bb border_color_all=\u00a0\u00bb#f7f7f7&Prime; box_shadow_style=\u00a0\u00bbpreset1&Prime; title_text=\u00a0\u00bbcctv-camera\u00a0\u00bb sticky_enabled=\u00a0\u00bb0&Prime;]<\/p>\n<h1>\u00e0 partir de 29\u20ac \/mois<\/h1>\n<p>Syst\u00e8me de vid\u00e9osurveillance sans fil haute-r\u00e9solution, int\u00e9rieur ou ext\u00e9rieur avec fonction jour\/nuit.<\/p>\n<p><strong>L&rsquo;achat de ce syst\u00e8me n&rsquo;est pas possible.<\/strong><\/p>\n<p>[\/et_pb_blurb][\/et_pb_column][et_pb_column type=\u00a0\u00bb1_3&Prime; _builder_version=\u00a0\u00bb4.6.6&Prime; _module_preset=\u00a0\u00bbdefault\u00a0\u00bb][et_pb_blurb title=\u00a0\u00bbSYST\u00c8ME FILAIRE\u00a0\u00bb image_max_width=\u00a0\u00bb26%\u00a0\u00bb _builder_version=\u00a0\u00bb4.9.4&Prime; _module_preset=\u00a0\u00bbdefault\u00a0\u00bb header_level=\u00a0\u00bbh2&Prime; header_font_size=\u00a0\u00bb32px\u00a0\u00bb body_text_align=\u00a0\u00bbcenter\u00a0\u00bb background_color=\u00a0\u00bb#f7f7f7&Prime; vertical_offset=\u00a0\u00bb-34px\u00a0\u00bb z_index=\u00a0\u00bb57&Prime; custom_padding=\u00a0\u00bb15px|15px|15px|15px|false|false\u00a0\u00bb animation_style=\u00a0\u00bbfold\u00a0\u00bb animation=\u00a0\u00bboff\u00a0\u00bb sticky_limit_bottom=\u00a0\u00bbsection\u00a0\u00bb scroll_scaling=\u00a0\u00bb0|35|35|100|70|100|100&Prime; hover_enabled=\u00a0\u00bb0&Prime; border_radii=\u00a0\u00bbon|8px|8px|8px|8px\u00a0\u00bb border_width_all=\u00a0\u00bb6px\u00a0\u00bb border_color_all=\u00a0\u00bb#f7f7f7&Prime; box_shadow_style=\u00a0\u00bbpreset1&Prime; title_text=\u00a0\u00bbcctv-camera\u00a0\u00bb sticky_enabled=\u00a0\u00bb0&Prime;]<\/p>\n<h1>\u00e0 partir de 69\u20ac \/mois<\/h1>\n<p>Le plus fiable des syst\u00e8me de vid\u00e9osurveillance haute-r\u00e9solution, int\u00e9rieur ou ext\u00e9rieur avec fonction jour\/nuit. Tout les \u00e9l\u00e9ments sont c\u00e2bl\u00e9s et reli\u00e9s (en fonction de l&rsquo;option souscrite) \u00e0 un NVR ou \u00e0 un switch.<\/p>\n<p><strong>Achat possible \u00e0 partir de 900\u20ac HT.<\/strong><\/p>\n<p>[\/et_pb_blurb][\/et_pb_column][et_pb_column type=\u00a0\u00bb1_3&Prime; _builder_version=\u00a0\u00bb4.6.6&Prime; _module_preset=\u00a0\u00bbdefault\u00a0\u00bb][et_pb_blurb title=\u00a0\u00bbSYST\u00c8ME PREMIUM\u00a0\u00bb image_max_width=\u00a0\u00bb26%\u00a0\u00bb _builder_version=\u00a0\u00bb4.9.4&Prime; _module_preset=\u00a0\u00bbdefault\u00a0\u00bb header_level=\u00a0\u00bbh2&Prime; header_font_size=\u00a0\u00bb32px\u00a0\u00bb body_text_align=\u00a0\u00bbcenter\u00a0\u00bb background_color=\u00a0\u00bb#f7f7f7&Prime; vertical_offset=\u00a0\u00bb-34px\u00a0\u00bb z_index=\u00a0\u00bb57&Prime; custom_padding=\u00a0\u00bb15px|15px|15px|15px|false|false\u00a0\u00bb animation_style=\u00a0\u00bbfold\u00a0\u00bb animation=\u00a0\u00bboff\u00a0\u00bb sticky_limit_bottom=\u00a0\u00bbsection\u00a0\u00bb scroll_scaling=\u00a0\u00bb0|35|35|100|70|100|100&Prime; hover_enabled=\u00a0\u00bb0&Prime; border_radii=\u00a0\u00bbon|8px|8px|8px|8px\u00a0\u00bb border_width_all=\u00a0\u00bb6px\u00a0\u00bb border_color_all=\u00a0\u00bb#f7f7f7&Prime; box_shadow_style=\u00a0\u00bbpreset1&Prime; title_text=\u00a0\u00bbcctv-camera\u00a0\u00bb sticky_enabled=\u00a0\u00bb0&Prime;]<\/p>\n<h1>\u00e0 partir de 149\u20ac \/mois<\/h1>\n<p>Le plus fiable des syst\u00e8me de vid\u00e9osurveillance haute-r\u00e9solution, int\u00e9rieur ou ext\u00e9rieur avec fonction jour\/nuit. Tout les \u00e9l\u00e9ments sont c\u00e2bl\u00e9s et reli\u00e9s (en fonction de l&rsquo;option souscrite) \u00e0 un NVR ou \u00e0 un switch. Dispose de syst\u00e8me PoE et de protections suppl\u00e9mentaires (firewall physique, onduleur, batterie d&rsquo;accus, &#8230;).<\/p>\n<p><strong>Achat possible \u00e0 partir de 1490\u20ac HT.<\/strong><\/p>\n<p>[\/et_pb_blurb][\/et_pb_column][\/et_pb_row][\/et_pb_section]<\/p>\n","protected":false},"excerpt":{"rendered":"<p>Vid\u00e9osurveillance La S\u00e9curit\u00e9 &amp; la protection sur mesure\u00e0 partir de 29\u20ac \/mois Syst\u00e8me de vid\u00e9osurveillance sans fil haute-r\u00e9solution, int\u00e9rieur ou ext\u00e9rieur avec fonction jour\/nuit. L&rsquo;achat de ce syst\u00e8me n&rsquo;est pas possible.\u00e0 partir de 69\u20ac \/mois Le plus fiable des syst\u00e8me de vid\u00e9osurveillance haute-r\u00e9solution, int\u00e9rieur ou ext\u00e9rieur avec fonction jour\/nuit. Tout les \u00e9l\u00e9ments sont c\u00e2bl\u00e9s et [&hellip;]<\/p>\n","protected":false},"author":1,"featured_media":0,"parent":0,"menu_order":0,"comment_status":"closed","ping_status":"closed","template":"","meta":{"_et_pb_use_builder":"on","_et_pb_old_content":"","_et_gb_content_width":"","footnotes":""},"_links":{"self":[{"href":"https:\/\/infortech.pro\/index.php\/wp-json\/wp\/v2\/pages\/997"}],"collection":[{"href":"https:\/\/infortech.pro\/index.php\/wp-json\/wp\/v2\/pages"}],"about":[{"href":"https:\/\/infortech.pro\/index.php\/wp-json\/wp\/v2\/types\/page"}],"author":[{"embeddable":true,"href":"https:\/\/infortech.pro\/index.php\/wp-json\/wp\/v2\/users\/1"}],"replies":[{"embeddable":true,"href":"https:\/\/infortech.pro\/index.php\/wp-json\/wp\/v2\/comments?post=997"}],"version-history":[{"count":9,"href":"https:\/\/infortech.pro\/index.php\/wp-json\/wp\/v2\/pages\/997\/revisions"}],"predecessor-version":[{"id":1066,"href":"https:\/\/infortech.pro\/index.php\/wp-json\/wp\/v2\/pages\/997\/revisions\/1066"}],"wp:attachment":[{"href":"https:\/\/infortech.pro\/index.php\/wp-json\/wp\/v2\/media?parent=997"}],"curies":[{"name":"wp","href":"https:\/\/api.w.org\/{rel}","templated":true}]}}